{"id":33801,"date":"2025-07-11T17:49:05","date_gmt":"2025-07-11T17:49:05","guid":{"rendered":"https:\/\/almezouara.com\/?post_type=product&#038;p=33801"},"modified":"2025-09-02T11:48:39","modified_gmt":"2025-09-02T11:48:39","slug":"burkini-a-combin-2","status":"publish","type":"product","link":"https:\/\/almezouara.com\/ar\/product\/burkini-a-combin-2\/","title":{"rendered":"Z &#8211; Burkini havana a combine"},"content":{"rendered":"<p>Tailles : S M L XL<\/p>\n<p>Tissu : lycra<\/p>\n<p>4 pi\u00e8ces : &#8211; bonnet &#8211; par\u00e9o &#8211; haut &#8211; colon<\/p>\n<p>La taille port\u00e9e : M<\/p>","protected":false},"excerpt":{"rendered":"<p>Tailles : S M L XL Tissu : lycra 4 pi\u00e8ces : &#8211; bonnet &#8211; par\u00e9o &#8211; haut &#8211; colon La taille port\u00e9e : M<\/p>","protected":false},"featured_media":28111,"comment_status":"open","ping_status":"closed","template":"","meta":[],"product_cat":[98],"product_tag":[],"_links":{"self":[{"href":"https:\/\/almezouara.com\/ar\/wp-json\/wp\/v2\/product\/33801"}],"collection":[{"href":"https:\/\/almezouara.com\/ar\/wp-json\/wp\/v2\/product"}],"about":[{"href":"https:\/\/almezouara.com\/ar\/wp-json\/wp\/v2\/types\/product"}],"replies":[{"embeddable":true,"href":"https:\/\/almezouara.com\/ar\/wp-json\/wp\/v2\/comments?post=33801"}],"wp:featuredmedia":[{"embeddable":true,"href":"https:\/\/almezouara.com\/ar\/wp-json\/wp\/v2\/media\/28111"}],"wp:attachment":[{"href":"https:\/\/almezouara.com\/ar\/wp-json\/wp\/v2\/media?parent=33801"}],"wp:term":[{"taxonomy":"product_cat","embeddable":true,"href":"https:\/\/almezouara.com\/ar\/wp-json\/wp\/v2\/product_cat?post=33801"},{"taxonomy":"product_tag","embeddable":true,"href":"https:\/\/almezouara.com\/ar\/wp-json\/wp\/v2\/product_tag?post=33801"}],"curies":[{"name":"wp","href":"https:\/\/api.w.org\/{rel}","templated":true}]}}