{"id":35074,"date":"2025-07-21T11:25:55","date_gmt":"2025-07-21T11:25:55","guid":{"rendered":"https:\/\/almezouara.com\/?post_type=product&#038;p=35074"},"modified":"2025-09-02T11:18:30","modified_gmt":"2025-09-02T11:18:30","slug":"a-burkini-a-combin-new-2","status":"publish","type":"product","link":"https:\/\/almezouara.com\/ar\/product\/a-burkini-a-combin-new-2\/","title":{"rendered":"Z &#8211; Burkini A combin New 2"},"content":{"rendered":"<p>Tailles : S M L XL<\/p>\n<p>Tissu : lycra<\/p>\n<p>3 pi\u00e8ces : combine &#8211; bonnet &#8211; par\u00e9o<\/p>\n<p>La taille port\u00e9e : M<\/p>","protected":false},"excerpt":{"rendered":"<p>Tailles : S M L XL Tissu : lycra 3 pi\u00e8ces : combine &#8211; bonnet &#8211; par\u00e9o La taille port\u00e9e : M<\/p>","protected":false},"featured_media":35073,"comment_status":"open","ping_status":"closed","template":"","meta":[],"product_cat":[98],"product_tag":[],"_links":{"self":[{"href":"https:\/\/almezouara.com\/ar\/wp-json\/wp\/v2\/product\/35074"}],"collection":[{"href":"https:\/\/almezouara.com\/ar\/wp-json\/wp\/v2\/product"}],"about":[{"href":"https:\/\/almezouara.com\/ar\/wp-json\/wp\/v2\/types\/product"}],"replies":[{"embeddable":true,"href":"https:\/\/almezouara.com\/ar\/wp-json\/wp\/v2\/comments?post=35074"}],"wp:featuredmedia":[{"embeddable":true,"href":"https:\/\/almezouara.com\/ar\/wp-json\/wp\/v2\/media\/35073"}],"wp:attachment":[{"href":"https:\/\/almezouara.com\/ar\/wp-json\/wp\/v2\/media?parent=35074"}],"wp:term":[{"taxonomy":"product_cat","embeddable":true,"href":"https:\/\/almezouara.com\/ar\/wp-json\/wp\/v2\/product_cat?post=35074"},{"taxonomy":"product_tag","embeddable":true,"href":"https:\/\/almezouara.com\/ar\/wp-json\/wp\/v2\/product_tag?post=35074"}],"curies":[{"name":"wp","href":"https:\/\/api.w.org\/{rel}","templated":true}]}}