{"id":40172,"date":"2025-09-19T16:46:57","date_gmt":"2025-09-19T16:46:57","guid":{"rendered":"https:\/\/almezouara.com\/?post_type=product&#038;p=40172"},"modified":"2025-11-29T06:46:06","modified_gmt":"2025-11-29T06:46:06","slug":"pyjama-new-2025","status":"publish","type":"product","link":"https:\/\/almezouara.com\/ar\/product\/pyjama-new-2025\/","title":{"rendered":"Pyjama New 2025"},"content":{"rendered":"<p>Pyjama tr\u00e8s confortable<\/p>\n<p>tendance<\/p>\n<p>tissu de tr\u00e8s bonne qualit\u00e9<\/p>","protected":false},"excerpt":{"rendered":"<p>Pyjama tr\u00e8s confortable tendance tissu de tr\u00e8s bonne qualit\u00e9<\/p>","protected":false},"featured_media":40174,"comment_status":"open","ping_status":"closed","template":"","meta":[],"product_cat":[98,33,34],"product_tag":[],"_links":{"self":[{"href":"https:\/\/almezouara.com\/ar\/wp-json\/wp\/v2\/product\/40172"}],"collection":[{"href":"https:\/\/almezouara.com\/ar\/wp-json\/wp\/v2\/product"}],"about":[{"href":"https:\/\/almezouara.com\/ar\/wp-json\/wp\/v2\/types\/product"}],"replies":[{"embeddable":true,"href":"https:\/\/almezouara.com\/ar\/wp-json\/wp\/v2\/comments?post=40172"}],"wp:featuredmedia":[{"embeddable":true,"href":"https:\/\/almezouara.com\/ar\/wp-json\/wp\/v2\/media\/40174"}],"wp:attachment":[{"href":"https:\/\/almezouara.com\/ar\/wp-json\/wp\/v2\/media?parent=40172"}],"wp:term":[{"taxonomy":"product_cat","embeddable":true,"href":"https:\/\/almezouara.com\/ar\/wp-json\/wp\/v2\/product_cat?post=40172"},{"taxonomy":"product_tag","embeddable":true,"href":"https:\/\/almezouara.com\/ar\/wp-json\/wp\/v2\/product_tag?post=40172"}],"curies":[{"name":"wp","href":"https:\/\/api.w.org\/{rel}","templated":true}]}}